{"id":1024,"date":"2019-10-02T09:25:21","date_gmt":"2019-10-02T09:25:21","guid":{"rendered":"https:\/\/themes.getmotopress.com\/booklium-default\/?page_id=1024"},"modified":"2026-04-04T13:18:46","modified_gmt":"2026-04-04T13:18:46","slug":"cevrede-gezip-gorebileceginiz-yerler-icin-onerilerimiz","status":"publish","type":"page","link":"https:\/\/ambarevleri.com.tr\/?page_id=1024","title":{"rendered":"\u00c7evrede Gezip G\u00f6rebilece\u011finiz Yerler \u0130\u00e7in \u00d6nerilerimiz"},"content":{"rendered":"\n<div class=\"wp-block-getwid-content-timeline is-animated\" data-animation=\"slideInBottom\" data-filling=\"true\"><div class=\"wp-block-getwid-content-timeline__line\"><div class=\"wp-block-getwid-content-timeline__bar has-background has-light-sea-green-background-color\"><\/div><\/div><div class=\"wp-block-getwid-content-timeline__wrapper\">\n<div class=\"wp-block-getwid-content-timeline-item\"><div class=\"wp-block-getwid-content-timeline-item__wrapper\"><div class=\"wp-block-getwid-content-timeline-item__card\"><div class=\"wp-block-getwid-content-timeline-item__card-wrapper\"><div class=\"wp-block-getwid-content-timeline-item__image-wrapper\"><img loading=\"lazy\" decoding=\"async\" width=\"1013\" height=\"761\" class=\"wp-block-getwid-content-timeline-item__image wp-image-1620\" src=\"http:\/\/ambarevleri.com.tr\/wp-content\/uploads\/2021\/08\/plajlar.jpg\" alt=\"\" srcset=\"https:\/\/ambarevleri.com.tr\/wp-content\/uploads\/2021\/08\/plajlar.jpg 1013w, https:\/\/ambarevleri.com.tr\/wp-content\/uploads\/2021\/08\/plajlar-300x225.jpg 300w, https:\/\/ambarevleri.com.tr\/wp-content\/uploads\/2021\/08\/plajlar-768x577.jpg 768w, https:\/\/ambarevleri.com.tr\/wp-content\/uploads\/2021\/08\/plajlar-892x670.jpg 892w, https:\/\/ambarevleri.com.tr\/wp-content\/uploads\/2021\/08\/plajlar-600x451.jpg 600w\" sizes=\"auto, (max-width: 1013px) 100vw, 1013px\" \/><\/div><div class=\"wp-block-getwid-content-timeline-item__content-wrapper\"><div class=\"wp-block-getwid-content-timeline-item__mobile-meta\"><p class=\"wp-block-getwid-content-timeline-item__meta-content\">Plajlar<\/p><\/div>\n<h3 class=\"wp-block-heading\"><\/h3>\n\n\n\n<ul class=\"wp-block-list\"><li>Kalkan Plaj\u0131 <\/li><li>Kaputa\u015f Plaj\u0131 <\/li><li>Patara Plaj\u0131 <\/li><li>Kalkan, Ka\u015f ve Kekova Limanlar\u0131&#8217;ndan \u00e7\u0131kan g\u00fcnl\u00fck tekne turlar\u0131 <\/li><\/ul>\n<\/div><\/div><\/div><div class=\"wp-block-getwid-content-timeline-item__point\" data-point-color=\"#13b0bb\"><div class=\"wp-block-getwid-content-timeline-item__point-content\"><\/div><\/div><div class=\"wp-block-getwid-content-timeline-item__meta\"><p class=\"wp-block-getwid-content-timeline-item__meta-content\">Plajlar<\/p><\/div><\/div><\/div>\n\n\n\n<div class=\"wp-block-getwid-content-timeline-item\"><div class=\"wp-block-getwid-content-timeline-item__wrapper\"><div class=\"wp-block-getwid-content-timeline-item__card\"><div class=\"wp-block-getwid-content-timeline-item__card-wrapper\"><div class=\"wp-block-getwid-content-timeline-item__image-wrapper\"><img loading=\"lazy\" decoding=\"async\" width=\"1013\" height=\"761\" class=\"wp-block-getwid-content-timeline-item__image wp-image-1619\" src=\"http:\/\/ambarevleri.com.tr\/wp-content\/uploads\/2021\/08\/gezilecek.jpg\" alt=\"\" srcset=\"https:\/\/ambarevleri.com.tr\/wp-content\/uploads\/2021\/08\/gezilecek.jpg 1013w, https:\/\/ambarevleri.com.tr\/wp-content\/uploads\/2021\/08\/gezilecek-300x225.jpg 300w, https:\/\/ambarevleri.com.tr\/wp-content\/uploads\/2021\/08\/gezilecek-768x577.jpg 768w, https:\/\/ambarevleri.com.tr\/wp-content\/uploads\/2021\/08\/gezilecek-892x670.jpg 892w, https:\/\/ambarevleri.com.tr\/wp-content\/uploads\/2021\/08\/gezilecek-600x451.jpg 600w\" sizes=\"auto, (max-width: 1013px) 100vw, 1013px\" \/><\/div><div class=\"wp-block-getwid-content-timeline-item__content-wrapper\"><div class=\"wp-block-getwid-content-timeline-item__mobile-meta\"><p class=\"wp-block-getwid-content-timeline-item__meta-content\">\u00c7evre Yerle\u015fimler<\/p><\/div>\n<h3 class=\"wp-block-heading\"><\/h3>\n\n\n\n<ul class=\"wp-block-list\"><li>Ka\u015f<\/li><li>Fethiye<\/li><li>Demre<\/li><li>Bezirgan K\u00f6y\u00fc<\/li><li>\u0130slamlar K\u00f6y\u00fc<\/li><li>G\u00f6mbe Yaylas\u0131<\/li><li>Meis Adas\u0131 <\/li><\/ul>\n<\/div><\/div><\/div><div class=\"wp-block-getwid-content-timeline-item__point\" data-point-color=\"#13b0bb\"><div class=\"wp-block-getwid-content-timeline-item__point-content\"><\/div><\/div><div class=\"wp-block-getwid-content-timeline-item__meta\"><p class=\"wp-block-getwid-content-timeline-item__meta-content\">\u00c7evre Yerle\u015fimler<\/p><\/div><\/div><\/div>\n\n\n\n<div class=\"wp-block-getwid-content-timeline-item\"><div class=\"wp-block-getwid-content-timeline-item__wrapper\"><div class=\"wp-block-getwid-content-timeline-item__card\"><div class=\"wp-block-getwid-content-timeline-item__card-wrapper\"><div class=\"wp-block-getwid-content-timeline-item__image-wrapper\"><img loading=\"lazy\" decoding=\"async\" width=\"1013\" height=\"761\" class=\"wp-block-getwid-content-timeline-item__image wp-image-1618\" src=\"http:\/\/ambarevleri.com.tr\/wp-content\/uploads\/2021\/08\/xhantos.jpg\" alt=\"\" srcset=\"https:\/\/ambarevleri.com.tr\/wp-content\/uploads\/2021\/08\/xhantos.jpg 1013w, https:\/\/ambarevleri.com.tr\/wp-content\/uploads\/2021\/08\/xhantos-300x225.jpg 300w, https:\/\/ambarevleri.com.tr\/wp-content\/uploads\/2021\/08\/xhantos-768x577.jpg 768w, https:\/\/ambarevleri.com.tr\/wp-content\/uploads\/2021\/08\/xhantos-892x670.jpg 892w, https:\/\/ambarevleri.com.tr\/wp-content\/uploads\/2021\/08\/xhantos-600x451.jpg 600w\" sizes=\"auto, (max-width: 1013px) 100vw, 1013px\" \/><\/div><div class=\"wp-block-getwid-content-timeline-item__content-wrapper\"><div class=\"wp-block-getwid-content-timeline-item__mobile-meta\"><p class=\"wp-block-getwid-content-timeline-item__meta-content\">Antik Kentler<\/p><\/div>\n<h3 class=\"wp-block-heading\"><\/h3>\n\n\n\n<ul class=\"wp-block-list\"><li>Likya Yolu<\/li><li>Patara Antik Kenti<\/li><li>Xhantos  Antik Kenti<\/li><li>Pirha Antik Kenti<\/li><li>Leton Antik Kenti<\/li><li>Sdyma Antik Kenti<\/li><li>Pinara Antik Kenti<\/li><li>Tlos Antik Kenti <\/li><li>Simena Antik Kenti  <\/li><li>Myra Antik Kenti <\/li><li>St Nicholas-Demre <\/li><li>Kayak\u00f6y-Fethiye <\/li><li>Antiphellos-Ka\u015f <\/li><\/ul>\n<\/div><\/div><\/div><div class=\"wp-block-getwid-content-timeline-item__point\" data-point-color=\"#13b0bb\"><div class=\"wp-block-getwid-content-timeline-item__point-content\"><\/div><\/div><div class=\"wp-block-getwid-content-timeline-item__meta\"><p class=\"wp-block-getwid-content-timeline-item__meta-content\">Antik Kentler<\/p><\/div><\/div><\/div>\n\n\n\n<div class=\"wp-block-getwid-content-timeline-item\"><div class=\"wp-block-getwid-content-timeline-item__wrapper\"><div class=\"wp-block-getwid-content-timeline-item__card\"><div class=\"wp-block-getwid-content-timeline-item__card-wrapper\"><div class=\"wp-block-getwid-content-timeline-item__image-wrapper\"><img loading=\"lazy\" decoding=\"async\" width=\"1013\" height=\"761\" class=\"wp-block-getwid-content-timeline-item__image wp-image-1617\" src=\"http:\/\/ambarevleri.com.tr\/wp-content\/uploads\/2021\/08\/saklikent.jpg\" alt=\"\" srcset=\"https:\/\/ambarevleri.com.tr\/wp-content\/uploads\/2021\/08\/saklikent.jpg 1013w, https:\/\/ambarevleri.com.tr\/wp-content\/uploads\/2021\/08\/saklikent-300x225.jpg 300w, https:\/\/ambarevleri.com.tr\/wp-content\/uploads\/2021\/08\/saklikent-768x577.jpg 768w, https:\/\/ambarevleri.com.tr\/wp-content\/uploads\/2021\/08\/saklikent-892x670.jpg 892w, https:\/\/ambarevleri.com.tr\/wp-content\/uploads\/2021\/08\/saklikent-600x451.jpg 600w\" sizes=\"auto, (max-width: 1013px) 100vw, 1013px\" \/><\/div><div class=\"wp-block-getwid-content-timeline-item__content-wrapper\"><div class=\"wp-block-getwid-content-timeline-item__mobile-meta\"><p class=\"wp-block-getwid-content-timeline-item__meta-content\">Do\u011fal G\u00fczellikler<\/p><\/div>\n<h3 class=\"wp-block-heading\"><\/h3>\n\n\n\n<ul class=\"wp-block-list\"><li>Sakl\u0131kent Kanyonu <\/li><li>Kaputa\u015f Kanyonu <\/li><li>Mavi Ma\u011faralar <\/li><li>F\u0131rnaz Koyu-Ye\u015filk\u00f6y <\/li><li>U\u00e7arsu-G\u00f6mbe <\/li><\/ul>\n<\/div><\/div><\/div><div class=\"wp-block-getwid-content-timeline-item__point\" data-point-color=\"#13b0bb\"><div class=\"wp-block-getwid-content-timeline-item__point-content\"><\/div><\/div><div class=\"wp-block-getwid-content-timeline-item__meta\"><p class=\"wp-block-getwid-content-timeline-item__meta-content\">Do\u011fal G\u00fczellikler<\/p><\/div><\/div><\/div>\n<\/div><\/div>\n\n\n\n<p><\/p>\n\n\n\n<div class=\"wp-block-columns is-layout-flex wp-container-core-columns-is-layout-9d6595d7 wp-block-columns-is-layout-flex\">\n<div class=\"wp-block-column is-layout-flow wp-block-column-is-layout-flow\">\n<div class=\"wp-block-getwid-advanced-heading\"><h3 class=\"wp-block-getwid-advanced-heading__content\" style=\"text-align:center\"><strong>Restoran, Cafe ve Barlar<\/strong><\/h3><\/div>\n\n\n\n<hr class=\"wp-block-separator has-css-opacity\"\/>\n\n\n\n<ul class=\"wp-block-list\"><li><strong>Sar\u0131belenK\u00f6y\u00fc Restoran ve Kahvalt\u0131 Bah\u00e7eleri<br><\/strong>Kekikli Bah\u00e7e<br>Sidek Restoran<br>S\u00f6\u011f\u00fctl\u00fc Bah\u00e7e<\/li><\/ul>\n\n\n\n<ul class=\"wp-block-list\"><li><strong>\u0130slamlar K\u00f6y\u00fc Alabal\u0131k Restoranlar\u0131<\/strong><br>De\u011firmen Restoran<br>Bodamya Restoran<\/li><\/ul>\n\n\n\n<ul class=\"wp-block-list\"><li><strong>Kalkan Restoran ve Cafeleri<\/strong><br>Salonika Restoran-Kalkan Merkez<br>Trio Restoran-Kalkan Marina<br>Lemon Garden Restoran-Garanti Bankas\u0131 Kar\u015f\u0131s\u0131<br>Zeugma Pide-Kebap- \u0130\u015fbankas\u0131 yan\u0131<br>K\u00f6fteci S\u00fcleyman-Migros yan\u0131<br>Merkez Cafe-Bar-K\u00f6yi\u00e7i Kent Merkezi<br>Kleo Cafe-Bar-Kalkan Plaj\u0131<br>\u00c7ay Bah\u00e7esi-Kalkan Plaj\u0131<\/li><\/ul>\n<\/div>\n\n\n\n<div class=\"wp-block-column is-layout-flow wp-block-column-is-layout-flow\">\n<div class=\"wp-block-getwid-advanced-heading\"><h3 class=\"wp-block-getwid-advanced-heading__content\" style=\"text-align:center\"><strong>\u00d6nemli Telefon Numaralar\u0131<\/strong><\/h3><\/div>\n\n\n\n<hr class=\"wp-block-separator has-css-opacity\"\/>\n\n\n\n<ul class=\"wp-block-list\"><li>Kalkan Taxi: 0242 8443100<\/li><li>Kalkan Jandarma: 0242 8443005<\/li><li>Ka\u015f Belediyesi: 0242 8361020<\/li><li>Kalkan Hizmet Birimi: 0242 8443131<\/li><li>Kalkan Postane: 0242 8443221<\/li><li>Kalkan Sa\u011fl\u0131k Oca\u011f\u0131: 0242 8441000<\/li><li>Doktor Cem Tolunay: 0532 4231658<\/li><li>Bat\u0131 Antalya Otob\u00fcs Firmas\u0131: 0242 8442466<\/li><li>Pamukkale Turizm: 0242 8442777<\/li><li>Kamil Ko\u00e7 Turizm: 0242 8441212<\/li><\/ul>\n<\/div>\n<\/div>\n\n\n\n<hr class=\"wp-block-separator has-css-opacity is-style-wide\"\/>\n\n\n\n<div class=\"wp-block-getwid-advanced-heading\" style=\"margin-bottom:5px\"><h2 class=\"wp-block-getwid-advanced-heading__content\" style=\"text-align:center\">Ambar Evleri<\/h2><\/div>\n\n\n\n<div class=\"wp-block-columns has-4-columns is-layout-flex wp-container-core-columns-is-layout-9d6595d7 wp-block-columns-is-layout-flex\">\n<div class=\"wp-block-column is-layout-flow wp-block-column-is-layout-flow\"><div class=\"mphb_sc_rooms-wrapper mphb-room-types is-style-minimalistic\">    <div class=\"loop-rooms-wrapper\">\r\n\t\r\n<div class=\"mphb-room-type post-24 mphb_room_type type-mphb_room_type status-publish has-post-thumbnail mphb_room_type_facility-wi-fi mphb-room-type-adults-2 mphb-room-type-children-2\">\r\n\r\n\t\r\n    <div class=\"loop-room-wrapper\">\r\n\t\t            <div class=\"loop-room-images-wrapper\">\r\n\t\t\t\t\r\n\r\n\t<p class=\"post-thumbnail mphb-loop-room-thumbnail\">\r\n\t<a href=\"https:\/\/ambarevleri.com.tr\/?mphb_room_type=ceviz-ev\">\r\n\t<img loading=\"lazy\" decoding=\"async\" width=\"892\" height=\"892\" src=\"https:\/\/ambarevleri.com.tr\/wp-content\/uploads\/2021\/08\/ceviz-ev-892x892.jpg\" class=\"attachment-booklium-square size-booklium-square wp-post-image\" alt=\"\" srcset=\"https:\/\/ambarevleri.com.tr\/wp-content\/uploads\/2021\/08\/ceviz-ev-892x892.jpg 892w, https:\/\/ambarevleri.com.tr\/wp-content\/uploads\/2021\/08\/ceviz-ev-300x300.jpg 300w, https:\/\/ambarevleri.com.tr\/wp-content\/uploads\/2021\/08\/ceviz-ev-1024x1024.jpg 1024w, https:\/\/ambarevleri.com.tr\/wp-content\/uploads\/2021\/08\/ceviz-ev-150x150.jpg 150w, https:\/\/ambarevleri.com.tr\/wp-content\/uploads\/2021\/08\/ceviz-ev-768x768.jpg 768w, https:\/\/ambarevleri.com.tr\/wp-content\/uploads\/2021\/08\/ceviz-ev-600x600.jpg 600w, https:\/\/ambarevleri.com.tr\/wp-content\/uploads\/2021\/08\/ceviz-ev-100x100.jpg 100w, https:\/\/ambarevleri.com.tr\/wp-content\/uploads\/2021\/08\/ceviz-ev.jpg 1100w\" sizes=\"auto, (max-width: 892px) 100vw, 892px\" \/>\t<\/a>\r\n\r\n\t<\/p>\r\n            <\/div>\r\n\t\t\t            <div class=\"loop-room-info-wrapper\">\r\n\t\t\t\t\r\n<h2 class=\"mphb-room-type-title entry-title\">\r\n\r\n<a class=\"mphb-room-type-title\" href=\"https:\/\/ambarevleri.com.tr\/?mphb_room_type=ceviz-ev\">Ceviz Ev<\/a>\r\n\r\n<\/h2>            <\/div>\r\n\t\t            <div class=\"loop-room-book-wrapper\">\r\n\t\t\t\t\r\n\r\n\t<p class=\"mphb-regular-price\"><strong>\u00dccretten itibaren:<\/strong>\r\n\t<span class=\"mphb-price\">50,000<span class=\"mphb-currency\">&#8378;<\/span><\/span> <span class=\"mphb-price-period\" title=\"\u0130lgili fiyatlar\u0131 g\u00f6rmek i\u00e7in tarih se\u00e7iniz\">5 gece<\/span>\r\n\t<\/p>\r\n\r\n<div class=\"mphb-to-book-btn-wrapper\">\r\n<form action=\"https:\/\/ambarevleri.com.tr\/?mphb_room_type=ceviz-ev#booking-form-24\" method=\"get\" ><input type=\"hidden\" name=\"mphb_room_type\" value=\"ceviz-ev\" \/><button type=\"submit\" class=\"button mphb-book-button\" >Rezerve Edin<\/button><\/form>\r\n<br\/><\/div>            <\/div>\r\n\t\t\r\n    <\/div>\r\n\t\r\n<\/div>\r\n\r\n\r\n<div class=\"mphb-room-type post-1461 mphb_room_type type-mphb_room_type status-publish has-post-thumbnail mphb_room_type_facility-wi-fi mphb-room-type-adults-4 mphb-room-type-children-2\">\r\n\r\n\t\r\n    <div class=\"loop-room-wrapper\">\r\n\t\t            <div class=\"loop-room-images-wrapper\">\r\n\t\t\t\t\r\n\r\n\t<p class=\"post-thumbnail mphb-loop-room-thumbnail\">\r\n\t<a href=\"https:\/\/ambarevleri.com.tr\/?mphb_room_type=badem-ev\">\r\n\t<img loading=\"lazy\" decoding=\"async\" width=\"892\" height=\"892\" src=\"https:\/\/ambarevleri.com.tr\/wp-content\/uploads\/2021\/08\/badem-ev-892x892.jpg\" class=\"attachment-booklium-square size-booklium-square wp-post-image\" alt=\"\" srcset=\"https:\/\/ambarevleri.com.tr\/wp-content\/uploads\/2021\/08\/badem-ev-892x892.jpg 892w, https:\/\/ambarevleri.com.tr\/wp-content\/uploads\/2021\/08\/badem-ev-300x300.jpg 300w, https:\/\/ambarevleri.com.tr\/wp-content\/uploads\/2021\/08\/badem-ev-1024x1024.jpg 1024w, https:\/\/ambarevleri.com.tr\/wp-content\/uploads\/2021\/08\/badem-ev-150x150.jpg 150w, https:\/\/ambarevleri.com.tr\/wp-content\/uploads\/2021\/08\/badem-ev-768x768.jpg 768w, https:\/\/ambarevleri.com.tr\/wp-content\/uploads\/2021\/08\/badem-ev-600x600.jpg 600w, https:\/\/ambarevleri.com.tr\/wp-content\/uploads\/2021\/08\/badem-ev-100x100.jpg 100w, https:\/\/ambarevleri.com.tr\/wp-content\/uploads\/2021\/08\/badem-ev.jpg 1100w\" sizes=\"auto, (max-width: 892px) 100vw, 892px\" \/>\t<\/a>\r\n\r\n\t<\/p>\r\n            <\/div>\r\n\t\t\t            <div class=\"loop-room-info-wrapper\">\r\n\t\t\t\t\r\n<h2 class=\"mphb-room-type-title entry-title\">\r\n\r\n<a class=\"mphb-room-type-title\" href=\"https:\/\/ambarevleri.com.tr\/?mphb_room_type=badem-ev\">Badem Ev<\/a>\r\n\r\n<\/h2>            <\/div>\r\n\t\t            <div class=\"loop-room-book-wrapper\">\r\n\t\t\t\t\r\n\r\n\t<p class=\"mphb-regular-price\"><strong>\u00dccretten itibaren:<\/strong>\r\n\t<span class=\"mphb-price\">60,000<span class=\"mphb-currency\">&#8378;<\/span><\/span> <span class=\"mphb-price-period\" title=\"\u0130lgili fiyatlar\u0131 g\u00f6rmek i\u00e7in tarih se\u00e7iniz\">5 gece<\/span>\r\n\t<\/p>\r\n\r\n<div class=\"mphb-to-book-btn-wrapper\">\r\n<form action=\"https:\/\/ambarevleri.com.tr\/?mphb_room_type=badem-ev#booking-form-1461\" method=\"get\" ><input type=\"hidden\" name=\"mphb_room_type\" value=\"badem-ev\" \/><button type=\"submit\" class=\"button mphb-book-button\" >Rezerve Edin<\/button><\/form>\r\n<br\/><\/div>            <\/div>\r\n\t\t\r\n    <\/div>\r\n\t\r\n<\/div>\r\n\r\n\r\n<div class=\"mphb-room-type post-1565 mphb_room_type type-mphb_room_type status-publish has-post-thumbnail mphb_room_type_facility-wi-fi mphb-room-type-adults-4 mphb-room-type-children-2\">\r\n\r\n\t\r\n    <div class=\"loop-room-wrapper\">\r\n\t\t            <div class=\"loop-room-images-wrapper\">\r\n\t\t\t\t\r\n\r\n\t<p class=\"post-thumbnail mphb-loop-room-thumbnail\">\r\n\t<a href=\"https:\/\/ambarevleri.com.tr\/?mphb_room_type=fistik-ev\">\r\n\t<img loading=\"lazy\" decoding=\"async\" width=\"892\" height=\"892\" src=\"https:\/\/ambarevleri.com.tr\/wp-content\/uploads\/2021\/08\/fistik-ev-892x892.jpg\" class=\"attachment-booklium-square size-booklium-square wp-post-image\" alt=\"\" srcset=\"https:\/\/ambarevleri.com.tr\/wp-content\/uploads\/2021\/08\/fistik-ev-892x892.jpg 892w, https:\/\/ambarevleri.com.tr\/wp-content\/uploads\/2021\/08\/fistik-ev-300x300.jpg 300w, https:\/\/ambarevleri.com.tr\/wp-content\/uploads\/2021\/08\/fistik-ev-150x150.jpg 150w, https:\/\/ambarevleri.com.tr\/wp-content\/uploads\/2021\/08\/fistik-ev-768x768.jpg 768w, https:\/\/ambarevleri.com.tr\/wp-content\/uploads\/2021\/08\/fistik-ev-600x600.jpg 600w, https:\/\/ambarevleri.com.tr\/wp-content\/uploads\/2021\/08\/fistik-ev-100x100.jpg 100w, https:\/\/ambarevleri.com.tr\/wp-content\/uploads\/2021\/08\/fistik-ev.jpg 915w\" sizes=\"auto, (max-width: 892px) 100vw, 892px\" \/>\t<\/a>\r\n\r\n\t<\/p>\r\n            <\/div>\r\n\t\t\t            <div class=\"loop-room-info-wrapper\">\r\n\t\t\t\t\r\n<h2 class=\"mphb-room-type-title entry-title\">\r\n\r\n<a class=\"mphb-room-type-title\" href=\"https:\/\/ambarevleri.com.tr\/?mphb_room_type=fistik-ev\">F\u0131st\u0131k Ev<\/a>\r\n\r\n<\/h2>            <\/div>\r\n\t\t            <div class=\"loop-room-book-wrapper\">\r\n\t\t\t\t\r\n\r\n\t<p class=\"mphb-regular-price\"><strong>\u00dccretten itibaren:<\/strong>\r\n\t<span class=\"mphb-price\">60,000<span class=\"mphb-currency\">&#8378;<\/span><\/span> <span class=\"mphb-price-period\" title=\"\u0130lgili fiyatlar\u0131 g\u00f6rmek i\u00e7in tarih se\u00e7iniz\">5 gece<\/span>\r\n\t<\/p>\r\n\r\n<div class=\"mphb-to-book-btn-wrapper\">\r\n<form action=\"https:\/\/ambarevleri.com.tr\/?mphb_room_type=fistik-ev#booking-form-1565\" method=\"get\" ><input type=\"hidden\" name=\"mphb_room_type\" value=\"fistik-ev\" \/><button type=\"submit\" class=\"button mphb-book-button\" >Rezerve Edin<\/button><\/form>\r\n<br\/><\/div>            <\/div>\r\n\t\t\r\n    <\/div>\r\n\t\r\n<\/div>\r\n\r\n    <\/div>\r\n\t<\/div><\/div>\n<\/div>\n","protected":false},"excerpt":{"rendered":"<p>Sar\u0131belenK\u00f6y\u00fc Restoran ve Kahvalt\u0131 Bah\u00e7eleriKekikli Bah\u00e7eSidek RestoranS\u00f6\u011f\u00fctl\u00fc Bah\u00e7e \u0130slamlar K\u00f6y\u00fc Alabal\u0131k Restoranlar\u0131De\u011firmen RestoranBodamya Restoran Kalkan Restoran ve CafeleriSalonika Restoran-Kalkan MerkezTrio Restoran-Kalkan MarinaLemon Garden Restoran-Garanti Bankas\u0131 Kar\u015f\u0131s\u0131Zeugma Pide-Kebap- \u0130\u015fbankas\u0131 yan\u0131K\u00f6fteci S\u00fcleyman-Migros yan\u0131Merkez Cafe-Bar-K\u00f6yi\u00e7i Kent MerkeziKleo Cafe-Bar-Kalkan Plaj\u0131\u00c7ay Bah\u00e7esi-Kalkan Plaj\u0131 Kalkan Taxi: 0242 8443100 Kalkan Jandarma: 0242 8443005 Ka\u015f Belediyesi: 0242 8361020 Kalkan Hizmet Birimi: 0242 8443131 [&hellip;]<\/p>\n","protected":false},"author":1,"featured_media":0,"parent":1000,"menu_order":0,"comment_status":"closed","ping_status":"closed","template":"","meta":{"om_disable_all_campaigns":false,"inline_featured_image":false,"_monsterinsights_skip_tracking":false,"_monsterinsights_sitenote_active":false,"_monsterinsights_sitenote_note":"","_monsterinsights_sitenote_category":0,"spay_email":"","footnotes":""},"class_list":["post-1024","page","type-page","status-publish","hentry"],"aioseo_notices":[],"_links":{"self":[{"href":"https:\/\/ambarevleri.com.tr\/index.php?rest_route=\/wp\/v2\/pages\/1024","targetHints":{"allow":["GET"]}}],"collection":[{"href":"https:\/\/ambarevleri.com.tr\/index.php?rest_route=\/wp\/v2\/pages"}],"about":[{"href":"https:\/\/ambarevleri.com.tr\/index.php?rest_route=\/wp\/v2\/types\/page"}],"author":[{"embeddable":true,"href":"https:\/\/ambarevleri.com.tr\/index.php?rest_route=\/wp\/v2\/users\/1"}],"replies":[{"embeddable":true,"href":"https:\/\/ambarevleri.com.tr\/index.php?rest_route=%2Fwp%2Fv2%2Fcomments&post=1024"}],"version-history":[{"count":11,"href":"https:\/\/ambarevleri.com.tr\/index.php?rest_route=\/wp\/v2\/pages\/1024\/revisions"}],"predecessor-version":[{"id":8192,"href":"https:\/\/ambarevleri.com.tr\/index.php?rest_route=\/wp\/v2\/pages\/1024\/revisions\/8192"}],"up":[{"embeddable":true,"href":"https:\/\/ambarevleri.com.tr\/index.php?rest_route=\/wp\/v2\/pages\/1000"}],"wp:attachment":[{"href":"https:\/\/ambarevleri.com.tr\/index.php?rest_route=%2Fwp%2Fv2%2Fmedia&parent=1024"}],"curies":[{"name":"wp","href":"https:\/\/api.w.org\/{rel}","templated":true}]}}