{"id":275,"date":"2019-08-20T12:10:13","date_gmt":"2019-08-20T12:10:13","guid":{"rendered":"https:\/\/themes.getmotopress.com\/booklium-default\/?page_id=269"},"modified":"2021-08-24T09:43:32","modified_gmt":"2021-08-24T09:43:32","slug":"contacts","status":"publish","type":"page","link":"https:\/\/ambarevleri.com.tr\/?page_id=275","title":{"rendered":"Bize Ula\u015f\u0131n"},"content":{"rendered":"\n<div class=\"wp-block-columns has-2-columns is-layout-flex wp-container-core-columns-is-layout-9d6595d7 wp-block-columns-is-layout-flex\">\n<div class=\"wp-block-column is-layout-flow wp-block-column-is-layout-flow\">\n<div class=\"wp-block-getwid-advanced-heading\" style=\"margin-bottom:30px\"><h2 class=\"wp-block-getwid-advanced-heading__content\">Ambar Evleri<\/h2><\/div>\n\n\n\n<p>A\u015fa\u011f\u0131daki telefon numaralar\u0131 veya formu kullanarak bizimle ileti\u015fime ge\u00e7ebilirsiniz.<\/p>\n\n\n\n<div class=\"wp-block-getwid-advanced-heading has-custom-font-size\" style=\"font-size:normal\"><span class=\"wp-block-getwid-advanced-heading__content has-text-color has-arsenic-color\" style=\"font-weight:500\"><strong>Sar\u0131belen Mah. Ambararas\u0131 Mevkii<\/strong><br>Sidek Sahil Yolu No: 105<br><strong>Ka\u015f \/ ANTALYA \/ T\u00dcRK\u0130YE<\/strong><\/span><\/div>\n\n\n\n<div class=\"wp-block-getwid-advanced-heading has-custom-font-size\" style=\"font-size:14px;margin-bottom:0px\"><span class=\"wp-block-getwid-advanced-heading__content\">Telefon<\/span><\/div>\n\n\n\n<div class=\"wp-block-getwid-advanced-heading has-custom-font-size\" style=\"font-size:normal\"><span class=\"wp-block-getwid-advanced-heading__content has-text-color has-arsenic-color\" style=\"font-weight:500\"><a href=\"tel:00902428442552\"><strong>+(90) 242 844 25 52<\/strong><\/a><\/span><\/div>\n\n\n\n<div class=\"wp-block-getwid-advanced-heading has-custom-font-size\" style=\"font-size:14px;margin-bottom:0px\"><span class=\"wp-block-getwid-advanced-heading__content\">Mobil<\/span><\/div>\n\n\n\n<div class=\"wp-block-getwid-advanced-heading has-custom-font-size\" style=\"font-size:normal\"><span class=\"wp-block-getwid-advanced-heading__content has-text-color has-arsenic-color\" style=\"font-weight:500\"><a href=\"tel:00902428442552\"><strong><strong>+(90) 532 707 <\/strong><\/strong><\/a><strong><strong><a href=\"tel:00905327075520\">55 <\/a><\/strong><\/strong><a href=\"tel:00902428442552\"><strong><strong>20<\/strong><\/strong><\/a><\/span><\/div>\n\n\n\n<div class=\"wp-block-getwid-advanced-heading has-custom-font-size\" style=\"font-size:14px;margin-bottom:0px\"><span class=\"wp-block-getwid-advanced-heading__content\">Faks<\/span><\/div>\n\n\n\n<div class=\"wp-block-getwid-advanced-heading has-custom-font-size\" style=\"font-size:normal\"><span class=\"wp-block-getwid-advanced-heading__content has-text-color has-arsenic-color\" style=\"font-weight:500\"><a href=\"tel:00902428442551\"><strong>+(90) 242 844 25 51<\/strong><\/a><\/span><\/div>\n\n\n\n<div class=\"wp-block-getwid-advanced-heading has-custom-font-size\" style=\"font-size:14px;margin-bottom:0px\"><span class=\"wp-block-getwid-advanced-heading__content\">E-Posta<\/span><\/div>\n\n\n\n<div class=\"wp-block-getwid-advanced-heading has-custom-font-size\" style=\"font-size:normal\"><span class=\"wp-block-getwid-advanced-heading__content has-text-color has-arsenic-color\" style=\"font-weight:500\"><a href=\"mailto:info@ambarevleri.com.tr\"><strong><a href=\"mailto:info@ambarevleri.com.tr\">info@ambarevleri.com.tr<\/a><\/strong><\/a><br><a href=\"mailto:semsa@ambarevleri.com.tr\">semsa@ambarevleri.com.tr<\/a><\/span><\/div>\n<\/div>\n\n\n\n<div class=\"wp-block-column is-layout-flow wp-block-column-is-layout-flow\">\n<div class=\"wp-block-getwid-section is-style-with-big-shadow\"><div class=\"wp-block-getwid-section__wrapper getwid-padding-top-medium getwid-padding-bottom-medium getwid-padding-left-medium getwid-padding-right-medium\"><div class=\"wp-block-getwid-section__inner-wrapper\"><div class=\"wp-block-getwid-section__background-holder\"><div class=\"wp-block-getwid-section__background has-background has-white-background-color\"><\/div><div class=\"wp-block-getwid-section__foreground\"><\/div><\/div><div class=\"wp-block-getwid-section__content\"><div class=\"wp-block-getwid-section__inner-content\">        <div class=\"wp-block-getwid-contact-form\" >\n            <form class='wp-block-getwid-contact-form__form'>\n    \n        <p class='wp-block-getwid-field-name'>\n\t    <label\n        for='name-69febe5157ae6'\n        class='wp-block-getwid-field-name__label'\n    >Ad Soyad *<\/label>\n\t    <input id='name-69febe5157ae6' type='text' name='name'            placeholder='Ad &amp; Soyad'             required=''\n            \/>\n<\/p>\n\n\n        <p class='wp-block-getwid-field-email'>\n\t    <label\n\t\tfor='email-69febe5157d1b'\n        class='wp-block-getwid-field-email__label'\n    >E-Posta *<\/label>\n\t    <input id='email-69febe5157d1b' type='email' name='email'             placeholder='E-Posta Adresiniz'             required=''    \/>\n<\/p>\n\n\n        <p class='wp-block-getwid-field-textarea'>\n\t    <label\n\t\tfor='message-69febe5157eba'\n        class='wp-block-getwid-field-textarea__label'\n    >Mesaj<\/label>\n\t    <textarea\n\t\tid='message-69febe5157eba' rows='5' name='message'            required=''\n            ><\/textarea>\n<\/p>\n\n\n    <input name='subject' \t\ttype='hidden'\n\t\/>\n\n\t<p class='wp-block-getwid-contact-form__result'><\/p>\n\n\t<div class='wp-block-getwid-contact-form__submit'>\n\t\t<div class='wp-block-button'>\n\t\t\t<button\n\t\t\t\ttype='submit'\n\t\t\t\tclass='wp-block-button__link '\t\t\t\t\tstyle=''\t\t\t>G\u00f6nder<\/button>\n\t\t<\/div>\n\n\t<\/div>\n<\/form>\n        <\/div><\/div><\/div><\/div><\/div><\/div>\n<\/div>\n<\/div>\n\n\n\n<div style=\"height:20px\" aria-hidden=\"true\" class=\"wp-block-spacer\"><\/div>\n\n\n\n<iframe src=\"https:\/\/www.google.com\/maps\/embed?pb=!1m14!1m8!1m3!1d14529.556432374973!2d29.468469197613278!3d36.25265731175485!3m2!1i1024!2i768!4f13.1!3m3!1m2!1s0x0%3A0x5585bff802f949bb!2sAmbar%20Evleri%20%2F%20Ambar%20Log%20Cabins!5e1!3m2!1str!2str!4v1629798003239!5m2!1str!2str\" width=\"100%\" height=\"450\" style=\"border:0;\" allowfullscreen=\"\" loading=\"lazy\"><\/iframe>\n\n\n\n<div style=\"height:50px\" aria-hidden=\"true\" class=\"wp-block-spacer\"><\/div>\n\n\n\n<hr class=\"wp-block-separator is-style-wide\"\/>\n\n\n\n<div class=\"wp-block-getwid-advanced-heading\"><span class=\"wp-block-getwid-advanced-heading__content\" style=\"text-align:center\">Ambar Evleri<\/span><\/div>\n\n\n<div class=\"mphb_sc_rooms-wrapper mphb-room-types is-style-minimalistic\">    <div class=\"loop-rooms-wrapper\">\r\n\t\r\n<div class=\"mphb-room-type post-24 mphb_room_type type-mphb_room_type status-publish has-post-thumbnail mphb_room_type_facility-wi-fi mphb-room-type-adults-2 mphb-room-type-children-2\">\r\n\r\n\t\r\n    <div class=\"loop-room-wrapper\">\r\n\t\t            <div class=\"loop-room-images-wrapper\">\r\n\t\t\t\t\r\n\r\n\t<p class=\"post-thumbnail mphb-loop-room-thumbnail\">\r\n\t<a href=\"https:\/\/ambarevleri.com.tr\/?mphb_room_type=ceviz-ev\">\r\n\t<img loading=\"lazy\" decoding=\"async\" width=\"892\" height=\"892\" src=\"https:\/\/ambarevleri.com.tr\/wp-content\/uploads\/2021\/08\/ceviz-ev-892x892.jpg\" class=\"attachment-booklium-square size-booklium-square wp-post-image\" alt=\"\" srcset=\"https:\/\/ambarevleri.com.tr\/wp-content\/uploads\/2021\/08\/ceviz-ev-892x892.jpg 892w, https:\/\/ambarevleri.com.tr\/wp-content\/uploads\/2021\/08\/ceviz-ev-300x300.jpg 300w, https:\/\/ambarevleri.com.tr\/wp-content\/uploads\/2021\/08\/ceviz-ev-1024x1024.jpg 1024w, https:\/\/ambarevleri.com.tr\/wp-content\/uploads\/2021\/08\/ceviz-ev-150x150.jpg 150w, https:\/\/ambarevleri.com.tr\/wp-content\/uploads\/2021\/08\/ceviz-ev-768x768.jpg 768w, https:\/\/ambarevleri.com.tr\/wp-content\/uploads\/2021\/08\/ceviz-ev-600x600.jpg 600w, https:\/\/ambarevleri.com.tr\/wp-content\/uploads\/2021\/08\/ceviz-ev-100x100.jpg 100w, https:\/\/ambarevleri.com.tr\/wp-content\/uploads\/2021\/08\/ceviz-ev.jpg 1100w\" sizes=\"auto, (max-width: 892px) 100vw, 892px\" \/>\t<\/a>\r\n\r\n\t<\/p>\r\n            <\/div>\r\n\t\t\t            <div class=\"loop-room-info-wrapper\">\r\n\t\t\t\t\r\n<h2 class=\"mphb-room-type-title entry-title\">\r\n\r\n<a class=\"mphb-room-type-title\" href=\"https:\/\/ambarevleri.com.tr\/?mphb_room_type=ceviz-ev\">Ceviz Ev<\/a>\r\n\r\n<\/h2>            <\/div>\r\n\t\t            <div class=\"loop-room-book-wrapper\">\r\n\t\t\t\t\r\n\r\n\t<p class=\"mphb-regular-price\"><strong>\u00dccretten itibaren:<\/strong>\r\n\t<span class=\"mphb-price\">50,000<span class=\"mphb-currency\">&#8378;<\/span><\/span> <span class=\"mphb-price-period\" title=\"\u0130lgili fiyatlar\u0131 g\u00f6rmek i\u00e7in tarih se\u00e7iniz\">5 gece<\/span>\r\n\t<\/p>\r\n\r\n<div class=\"mphb-to-book-btn-wrapper\">\r\n<form action=\"https:\/\/ambarevleri.com.tr\/?mphb_room_type=ceviz-ev#booking-form-24\" method=\"get\" ><input type=\"hidden\" name=\"mphb_room_type\" value=\"ceviz-ev\" \/><button type=\"submit\" class=\"button mphb-book-button\" >Rezerve Edin<\/button><\/form>\r\n<br\/><\/div>            <\/div>\r\n\t\t\r\n    <\/div>\r\n\t\r\n<\/div>\r\n\r\n\r\n<div class=\"mphb-room-type post-1461 mphb_room_type type-mphb_room_type status-publish has-post-thumbnail mphb_room_type_facility-wi-fi mphb-room-type-adults-4 mphb-room-type-children-2\">\r\n\r\n\t\r\n    <div class=\"loop-room-wrapper\">\r\n\t\t            <div class=\"loop-room-images-wrapper\">\r\n\t\t\t\t\r\n\r\n\t<p class=\"post-thumbnail mphb-loop-room-thumbnail\">\r\n\t<a href=\"https:\/\/ambarevleri.com.tr\/?mphb_room_type=badem-ev\">\r\n\t<img loading=\"lazy\" decoding=\"async\" width=\"892\" height=\"892\" src=\"https:\/\/ambarevleri.com.tr\/wp-content\/uploads\/2021\/08\/badem-ev-892x892.jpg\" class=\"attachment-booklium-square size-booklium-square wp-post-image\" alt=\"\" srcset=\"https:\/\/ambarevleri.com.tr\/wp-content\/uploads\/2021\/08\/badem-ev-892x892.jpg 892w, https:\/\/ambarevleri.com.tr\/wp-content\/uploads\/2021\/08\/badem-ev-300x300.jpg 300w, https:\/\/ambarevleri.com.tr\/wp-content\/uploads\/2021\/08\/badem-ev-1024x1024.jpg 1024w, https:\/\/ambarevleri.com.tr\/wp-content\/uploads\/2021\/08\/badem-ev-150x150.jpg 150w, https:\/\/ambarevleri.com.tr\/wp-content\/uploads\/2021\/08\/badem-ev-768x768.jpg 768w, https:\/\/ambarevleri.com.tr\/wp-content\/uploads\/2021\/08\/badem-ev-600x600.jpg 600w, https:\/\/ambarevleri.com.tr\/wp-content\/uploads\/2021\/08\/badem-ev-100x100.jpg 100w, https:\/\/ambarevleri.com.tr\/wp-content\/uploads\/2021\/08\/badem-ev.jpg 1100w\" sizes=\"auto, (max-width: 892px) 100vw, 892px\" \/>\t<\/a>\r\n\r\n\t<\/p>\r\n            <\/div>\r\n\t\t\t            <div class=\"loop-room-info-wrapper\">\r\n\t\t\t\t\r\n<h2 class=\"mphb-room-type-title entry-title\">\r\n\r\n<a class=\"mphb-room-type-title\" href=\"https:\/\/ambarevleri.com.tr\/?mphb_room_type=badem-ev\">Badem Ev<\/a>\r\n\r\n<\/h2>            <\/div>\r\n\t\t            <div class=\"loop-room-book-wrapper\">\r\n\t\t\t\t\r\n\r\n\t<p class=\"mphb-regular-price\"><strong>\u00dccretten itibaren:<\/strong>\r\n\t<span class=\"mphb-price\">60,000<span class=\"mphb-currency\">&#8378;<\/span><\/span> <span class=\"mphb-price-period\" title=\"\u0130lgili fiyatlar\u0131 g\u00f6rmek i\u00e7in tarih se\u00e7iniz\">5 gece<\/span>\r\n\t<\/p>\r\n\r\n<div class=\"mphb-to-book-btn-wrapper\">\r\n<form action=\"https:\/\/ambarevleri.com.tr\/?mphb_room_type=badem-ev#booking-form-1461\" method=\"get\" ><input type=\"hidden\" name=\"mphb_room_type\" value=\"badem-ev\" \/><button type=\"submit\" class=\"button mphb-book-button\" >Rezerve Edin<\/button><\/form>\r\n<br\/><\/div>            <\/div>\r\n\t\t\r\n    <\/div>\r\n\t\r\n<\/div>\r\n\r\n\r\n<div class=\"mphb-room-type post-1565 mphb_room_type type-mphb_room_type status-publish has-post-thumbnail mphb_room_type_facility-wi-fi mphb-room-type-adults-4 mphb-room-type-children-2\">\r\n\r\n\t\r\n    <div class=\"loop-room-wrapper\">\r\n\t\t            <div class=\"loop-room-images-wrapper\">\r\n\t\t\t\t\r\n\r\n\t<p class=\"post-thumbnail mphb-loop-room-thumbnail\">\r\n\t<a href=\"https:\/\/ambarevleri.com.tr\/?mphb_room_type=fistik-ev\">\r\n\t<img loading=\"lazy\" decoding=\"async\" width=\"892\" height=\"892\" src=\"https:\/\/ambarevleri.com.tr\/wp-content\/uploads\/2021\/08\/fistik-ev-892x892.jpg\" class=\"attachment-booklium-square size-booklium-square wp-post-image\" alt=\"\" srcset=\"https:\/\/ambarevleri.com.tr\/wp-content\/uploads\/2021\/08\/fistik-ev-892x892.jpg 892w, https:\/\/ambarevleri.com.tr\/wp-content\/uploads\/2021\/08\/fistik-ev-300x300.jpg 300w, https:\/\/ambarevleri.com.tr\/wp-content\/uploads\/2021\/08\/fistik-ev-150x150.jpg 150w, https:\/\/ambarevleri.com.tr\/wp-content\/uploads\/2021\/08\/fistik-ev-768x768.jpg 768w, https:\/\/ambarevleri.com.tr\/wp-content\/uploads\/2021\/08\/fistik-ev-600x600.jpg 600w, https:\/\/ambarevleri.com.tr\/wp-content\/uploads\/2021\/08\/fistik-ev-100x100.jpg 100w, https:\/\/ambarevleri.com.tr\/wp-content\/uploads\/2021\/08\/fistik-ev.jpg 915w\" sizes=\"auto, (max-width: 892px) 100vw, 892px\" \/>\t<\/a>\r\n\r\n\t<\/p>\r\n            <\/div>\r\n\t\t\t            <div class=\"loop-room-info-wrapper\">\r\n\t\t\t\t\r\n<h2 class=\"mphb-room-type-title entry-title\">\r\n\r\n<a class=\"mphb-room-type-title\" href=\"https:\/\/ambarevleri.com.tr\/?mphb_room_type=fistik-ev\">F\u0131st\u0131k Ev<\/a>\r\n\r\n<\/h2>            <\/div>\r\n\t\t            <div class=\"loop-room-book-wrapper\">\r\n\t\t\t\t\r\n\r\n\t<p class=\"mphb-regular-price\"><strong>\u00dccretten itibaren:<\/strong>\r\n\t<span class=\"mphb-price\">60,000<span class=\"mphb-currency\">&#8378;<\/span><\/span> <span class=\"mphb-price-period\" title=\"\u0130lgili fiyatlar\u0131 g\u00f6rmek i\u00e7in tarih se\u00e7iniz\">5 gece<\/span>\r\n\t<\/p>\r\n\r\n<div class=\"mphb-to-book-btn-wrapper\">\r\n<form action=\"https:\/\/ambarevleri.com.tr\/?mphb_room_type=fistik-ev#booking-form-1565\" method=\"get\" ><input type=\"hidden\" name=\"mphb_room_type\" value=\"fistik-ev\" \/><button type=\"submit\" class=\"button mphb-book-button\" >Rezerve Edin<\/button><\/form>\r\n<br\/><\/div>            <\/div>\r\n\t\t\r\n    <\/div>\r\n\t\r\n<\/div>\r\n\r\n    <\/div>\r\n\t<\/div>","protected":false},"excerpt":{"rendered":"<p>A\u015fa\u011f\u0131daki telefon numaralar\u0131 veya formu kullanarak bizimle ileti\u015fime ge\u00e7ebilirsiniz.<\/p>\n","protected":false},"author":1,"featured_media":0,"parent":0,"menu_order":0,"comment_status":"closed","ping_status":"closed","template":"template-wide-page.php","meta":{"om_disable_all_campaigns":false,"inline_featured_image":false,"_monsterinsights_skip_tracking":false,"_monsterinsights_sitenote_active":false,"_monsterinsights_sitenote_note":"","_monsterinsights_sitenote_category":0,"spay_email":"","footnotes":""},"class_list":["post-275","page","type-page","status-publish","hentry"],"aioseo_notices":[],"_links":{"self":[{"href":"https:\/\/ambarevleri.com.tr\/index.php?rest_route=\/wp\/v2\/pages\/275","targetHints":{"allow":["GET"]}}],"collection":[{"href":"https:\/\/ambarevleri.com.tr\/index.php?rest_route=\/wp\/v2\/pages"}],"about":[{"href":"https:\/\/ambarevleri.com.tr\/index.php?rest_route=\/wp\/v2\/types\/page"}],"author":[{"embeddable":true,"href":"https:\/\/ambarevleri.com.tr\/index.php?rest_route=\/wp\/v2\/users\/1"}],"replies":[{"embeddable":true,"href":"https:\/\/ambarevleri.com.tr\/index.php?rest_route=%2Fwp%2Fv2%2Fcomments&post=275"}],"version-history":[{"count":6,"href":"https:\/\/ambarevleri.com.tr\/index.php?rest_route=\/wp\/v2\/pages\/275\/revisions"}],"predecessor-version":[{"id":2443,"href":"https:\/\/ambarevleri.com.tr\/index.php?rest_route=\/wp\/v2\/pages\/275\/revisions\/2443"}],"wp:attachment":[{"href":"https:\/\/ambarevleri.com.tr\/index.php?rest_route=%2Fwp%2Fv2%2Fmedia&parent=275"}],"curies":[{"name":"wp","href":"https:\/\/api.w.org\/{rel}","templated":true}]}}