{"id":554,"date":"2019-09-17T11:28:45","date_gmt":"2019-09-17T11:28:45","guid":{"rendered":"https:\/\/themes.getmotopress.com\/booklium-default\/?page_id=554"},"modified":"2026-04-04T13:25:56","modified_gmt":"2026-04-04T13:25:56","slug":"konforunuz-ve-kullaniminiz-icin-bazi-yardimci-bilgiler","status":"publish","type":"page","link":"https:\/\/ambarevleri.com.tr\/?page_id=554","title":{"rendered":"Konforunuz ve Kullan\u0131m\u0131n\u0131z \u0130\u00e7in Baz\u0131 Yard\u0131mc\u0131 Bilgiler"},"content":{"rendered":"\n<div class=\"wp-block-getwid-section getwid-margin-top-none getwid-section-content-custom-width\"><div class=\"wp-block-getwid-section__wrapper getwid-padding-left-none getwid-padding-right-none\" style=\"padding-top:30px;padding-bottom:20px\"><div class=\"wp-block-getwid-section__inner-wrapper\" style=\"max-width:892px\"><div class=\"wp-block-getwid-section__background-holder\"><div class=\"wp-block-getwid-section__background\"><\/div><div class=\"wp-block-getwid-section__foreground\"><\/div><\/div><div class=\"wp-block-getwid-section__content\"><div class=\"wp-block-getwid-section__inner-content\">\n<div class=\"wp-block-getwid-advanced-heading\" style=\"margin-bottom:10px\"><h4 class=\"wp-block-getwid-advanced-heading__content\" style=\"text-align:center\">T\u00fcm hizmetlerimiz ve olanaklar\u0131m\u0131zdan yararlan\u0131n&#8230;<\/h4><\/div>\n<\/div><\/div><\/div><\/div><\/div>\n\n\n\n<div class=\"wp-block-columns has-2-columns is-layout-flex wp-container-core-columns-is-layout-9d6595d7 wp-block-columns-is-layout-flex\">\n<div class=\"wp-block-column is-layout-flow wp-block-column-is-layout-flow\">\n<div class=\"wp-block-getwid-section is-style-with-big-shadow\"><div class=\"wp-block-getwid-section__wrapper getwid-padding-top-medium getwid-padding-bottom-medium getwid-padding-left-medium getwid-padding-right-medium\"><div class=\"wp-block-getwid-section__inner-wrapper\"><div class=\"wp-block-getwid-section__background-holder\"><div class=\"wp-block-getwid-section__background has-background has-white-background-color\"><\/div><div class=\"wp-block-getwid-section__foreground\"><\/div><\/div><div class=\"wp-block-getwid-section__content\"><div class=\"wp-block-getwid-section__inner-content\">\n<ul class=\"wp-block-list\"><li>Verandada bulunan \u015f\u00f6mineyi ate\u015f keyfiniz ve ayn\u0131 zamanda mangal yapmak i\u00e7in kullanabilirsiniz. Mangal \u0131zgaras\u0131n\u0131 \u015f\u00f6minenin hemen yan\u0131 ba\u015f\u0131nda bulabilirsiniz. Alt bah\u00e7eden ula\u015fabilece\u011finiz verandan\u0131n alt\u0131ndaki depoda kullanabilece\u011finiz odunlar mevcut.<\/li><li>Ate\u015f yakarken verandan\u0131n ah\u015fap ve kuru saz sa\u00e7aklar\u0131na dikkat etmenizi rica ediyoruz. Herhangi bir aksilik olursa yang\u0131n t\u00fcp\u00fcm\u00fcz mutfak cam\u0131n\u0131n hemen \u00f6n\u00fcnde.<\/li><li>Olabilecek ufak tefek kazalar i\u00e7in k\u00fc\u00e7\u00fck bir ilkyard\u0131m kitimiz var, sedirlerin yan taraf\u0131ndaki sepet kitapl\u0131kta bulabilirsiniz. Evlerimizi sinek-b\u00f6cek ve ha\u015ferelere kar\u015f\u0131 d\u00fczenli olarak ila\u00e7lat\u0131yoruz. Yine de bu konuda bir s\u0131k\u0131nt\u0131n\u0131z olursa b\u00f6cek sokmalar\u0131 i\u00e7in kremi de yine ayn\u0131 kitapl\u0131kta bulabilirsiniz.<\/li><li>Mutfa\u011f\u0131m\u0131z her t\u00fcrl\u00fc ihtiyac\u0131n\u0131z d\u00fc\u015f\u00fcn\u00fclerek tasarland\u0131 ve haz\u0131rland\u0131. Dokunmatik elektrikli oca\u011f\u0131m\u0131z\u0131n ve ankastre f\u0131r\u0131n\u0131m\u0131z\u0131n kullanma k\u0131lavuzlar\u0131n\u0131 f\u0131r\u0131n\u0131n alt\u0131ndaki \u00e7ekmecede bulabilirsiniz. Yaln\u0131zca bir \u00f6n bilgi olarak, elektrikli oca\u011f\u0131 a\u00e7mak ve kapamak i\u00e7in a\u00e7ma-kapama tu\u015funa\u00a0 bip sesi gelene kadar l\u00fctfen bas\u0131l\u0131 tutunuz. Yine ayn\u0131 \u015fekilde se\u00e7mek istedi\u011finiz ocak g\u00f6z\u00fcn\u00fcn d\u00fc\u011fmesine de parma\u011f\u0131n\u0131z\u0131 bas\u0131l\u0131 tutman\u0131z gerekiyor. Daha sonra s\u0131cakl\u0131k ayar\u0131n\u0131 yine dokunup \u00e7ekerek ortada bulunan s\u0131cakl\u0131k ayarlama panelinden yapabilirsiniz. S\u00f6nd\u00fcr\u00fcld\u00fc\u011f\u00fcnde ocak g\u00f6zlerinin s\u0131cakl\u0131\u011f\u0131 bir s\u00fcre daha devam etti\u011fi i\u00e7in dikkatli olman\u0131z\u0131 tavsiye ediyoruz.<\/li><li>Evinizin kullan\u0131m suyu arazimizdeki kuyudan \u00e7\u0131kan temiz artezyen suyudur. Yapt\u0131rd\u0131\u011f\u0131m\u0131z analizler suyumuzun i\u00e7ilebilir nitelikte oldu\u011funu g\u00f6sterdi. Ayr\u0131ca kendi ar\u0131tma sistemimiz var. Dilerseniz ayr\u0131ca i\u00e7me suyu alman\u0131za gerek olmayabilir.<\/li><li>Yerden \u0131s\u0131tma sistemimiz sepet kitapl\u0131\u011f\u0131n sol yan\u0131nda zemine yak\u0131n d\u00fc\u011fmelerden kontrol ediliyor. Banyolar\u0131n yerden \u0131s\u0131tma d\u00fc\u011fmeleri de hemen kap\u0131lar\u0131n\u0131n yan\u0131nda. Sizden ricam\u0131z gerekli olmad\u0131\u011f\u0131 zamanlarda \u0131s\u0131tma sistemini kapatman\u0131z.<\/li><li>\u0130lk griri\u015fte ihtiyac\u0131n\u0131z olabilecek sabun ve tuvalet ka\u011f\u0131d\u0131 ihtiya\u00e7lar\u0131n\u0131z\u0131 kar\u015f\u0131lamaya \u00e7al\u0131\u015f\u0131yoruz. \u0130htiya\u00e7 duyarsan\u0131z baz\u0131 ev temizlik malzemelerini de zemin kat banyo lavabosunun alt\u0131ndaki raflarda bulabilirsiniz. Bula\u015f\u0131k makinas\u0131 i\u00e7in deterjanlar f\u0131r\u0131n\u0131n alt\u0131ndaki \u00e7ekmecede mevcut.<\/li><li>Size temiz havlu ve \u00e7ar\u015faflar\u0131n\u0131z\u0131 veriyoruz. Kullanmad\u0131\u011f\u0131n\u0131z havlu ya da \u00e7ar\u015faf olursa, sizden ricam\u0131z, onlar\u0131 ayr\u0131 bir yerde saklaman\u0131z. B\u00f6ylece d\u00fcnyam\u0131z\u0131n su ve enerji kayb\u0131n\u0131 bir par\u00e7a da olsa beraber engelleriz.<\/li><li>Televizyonumuzda standart uydu yay\u0131nlar\u0131 mevcuttur.<\/li><li>\u00dccretsiz Wi-fi\u00a0 internet ba\u011flant\u0131m\u0131z\u0131 kullanabilirsiniz.<\/li><\/ul>\n<\/div><\/div><\/div><\/div><\/div>\n<\/div>\n<\/div>\n\n\n\n<div style=\"height:52px\" aria-hidden=\"true\" class=\"wp-block-spacer\"><\/div>\n\n\n\n<hr class=\"wp-block-separator has-css-opacity is-style-wide\"\/>\n\n\n\n<div style=\"height:32px\" aria-hidden=\"true\" class=\"wp-block-spacer\"><\/div>\n\n\n\n<div class=\"wp-block-getwid-advanced-heading\" style=\"margin-bottom:5px\"><h2 class=\"wp-block-getwid-advanced-heading__content\" style=\"text-align:center\">Ambar Evleri<\/h2><\/div>\n\n\n\n<div class=\"wp-block-columns has-4-columns is-layout-flex wp-container-core-columns-is-layout-9d6595d7 wp-block-columns-is-layout-flex\">\n<div class=\"wp-block-column is-layout-flow wp-block-column-is-layout-flow\"><div class=\"mphb_sc_rooms-wrapper mphb-room-types is-style-minimalistic\">    <div class=\"loop-rooms-wrapper\">\r\n\t\r\n<div class=\"mphb-room-type post-24 mphb_room_type type-mphb_room_type status-publish has-post-thumbnail mphb_room_type_facility-wi-fi mphb-room-type-adults-2 mphb-room-type-children-2\">\r\n\r\n\t\r\n    <div class=\"loop-room-wrapper\">\r\n\t\t            <div class=\"loop-room-images-wrapper\">\r\n\t\t\t\t\r\n\r\n\t<p class=\"post-thumbnail mphb-loop-room-thumbnail\">\r\n\t<a href=\"https:\/\/ambarevleri.com.tr\/?mphb_room_type=ceviz-ev\">\r\n\t<img loading=\"lazy\" decoding=\"async\" width=\"892\" height=\"892\" src=\"https:\/\/ambarevleri.com.tr\/wp-content\/uploads\/2021\/08\/ceviz-ev-892x892.jpg\" class=\"attachment-booklium-square size-booklium-square wp-post-image\" alt=\"\" srcset=\"https:\/\/ambarevleri.com.tr\/wp-content\/uploads\/2021\/08\/ceviz-ev-892x892.jpg 892w, https:\/\/ambarevleri.com.tr\/wp-content\/uploads\/2021\/08\/ceviz-ev-300x300.jpg 300w, https:\/\/ambarevleri.com.tr\/wp-content\/uploads\/2021\/08\/ceviz-ev-1024x1024.jpg 1024w, https:\/\/ambarevleri.com.tr\/wp-content\/uploads\/2021\/08\/ceviz-ev-150x150.jpg 150w, https:\/\/ambarevleri.com.tr\/wp-content\/uploads\/2021\/08\/ceviz-ev-768x768.jpg 768w, https:\/\/ambarevleri.com.tr\/wp-content\/uploads\/2021\/08\/ceviz-ev-600x600.jpg 600w, https:\/\/ambarevleri.com.tr\/wp-content\/uploads\/2021\/08\/ceviz-ev-100x100.jpg 100w, https:\/\/ambarevleri.com.tr\/wp-content\/uploads\/2021\/08\/ceviz-ev.jpg 1100w\" sizes=\"auto, (max-width: 892px) 100vw, 892px\" \/>\t<\/a>\r\n\r\n\t<\/p>\r\n            <\/div>\r\n\t\t\t            <div class=\"loop-room-info-wrapper\">\r\n\t\t\t\t\r\n<h2 class=\"mphb-room-type-title entry-title\">\r\n\r\n<a class=\"mphb-room-type-title\" href=\"https:\/\/ambarevleri.com.tr\/?mphb_room_type=ceviz-ev\">Ceviz Ev<\/a>\r\n\r\n<\/h2>            <\/div>\r\n\t\t            <div class=\"loop-room-book-wrapper\">\r\n\t\t\t\t\r\n\r\n\t<p class=\"mphb-regular-price\"><strong>\u00dccretten itibaren:<\/strong>\r\n\t<span class=\"mphb-price\">50,000<span class=\"mphb-currency\">&#8378;<\/span><\/span> <span class=\"mphb-price-period\" title=\"\u0130lgili fiyatlar\u0131 g\u00f6rmek i\u00e7in tarih se\u00e7iniz\">5 gece<\/span>\r\n\t<\/p>\r\n\r\n<div class=\"mphb-to-book-btn-wrapper\">\r\n<form action=\"https:\/\/ambarevleri.com.tr\/?mphb_room_type=ceviz-ev#booking-form-24\" method=\"get\" ><input type=\"hidden\" name=\"mphb_room_type\" value=\"ceviz-ev\" \/><button type=\"submit\" class=\"button mphb-book-button\" >Rezerve Edin<\/button><\/form>\r\n<br\/><\/div>            <\/div>\r\n\t\t\r\n    <\/div>\r\n\t\r\n<\/div>\r\n\r\n\r\n<div class=\"mphb-room-type post-1461 mphb_room_type type-mphb_room_type status-publish has-post-thumbnail mphb_room_type_facility-wi-fi mphb-room-type-adults-4 mphb-room-type-children-2\">\r\n\r\n\t\r\n    <div class=\"loop-room-wrapper\">\r\n\t\t            <div class=\"loop-room-images-wrapper\">\r\n\t\t\t\t\r\n\r\n\t<p class=\"post-thumbnail mphb-loop-room-thumbnail\">\r\n\t<a href=\"https:\/\/ambarevleri.com.tr\/?mphb_room_type=badem-ev\">\r\n\t<img loading=\"lazy\" decoding=\"async\" width=\"892\" height=\"892\" src=\"https:\/\/ambarevleri.com.tr\/wp-content\/uploads\/2021\/08\/badem-ev-892x892.jpg\" class=\"attachment-booklium-square size-booklium-square wp-post-image\" alt=\"\" srcset=\"https:\/\/ambarevleri.com.tr\/wp-content\/uploads\/2021\/08\/badem-ev-892x892.jpg 892w, https:\/\/ambarevleri.com.tr\/wp-content\/uploads\/2021\/08\/badem-ev-300x300.jpg 300w, https:\/\/ambarevleri.com.tr\/wp-content\/uploads\/2021\/08\/badem-ev-1024x1024.jpg 1024w, https:\/\/ambarevleri.com.tr\/wp-content\/uploads\/2021\/08\/badem-ev-150x150.jpg 150w, https:\/\/ambarevleri.com.tr\/wp-content\/uploads\/2021\/08\/badem-ev-768x768.jpg 768w, https:\/\/ambarevleri.com.tr\/wp-content\/uploads\/2021\/08\/badem-ev-600x600.jpg 600w, https:\/\/ambarevleri.com.tr\/wp-content\/uploads\/2021\/08\/badem-ev-100x100.jpg 100w, https:\/\/ambarevleri.com.tr\/wp-content\/uploads\/2021\/08\/badem-ev.jpg 1100w\" sizes=\"auto, (max-width: 892px) 100vw, 892px\" \/>\t<\/a>\r\n\r\n\t<\/p>\r\n            <\/div>\r\n\t\t\t            <div class=\"loop-room-info-wrapper\">\r\n\t\t\t\t\r\n<h2 class=\"mphb-room-type-title entry-title\">\r\n\r\n<a class=\"mphb-room-type-title\" href=\"https:\/\/ambarevleri.com.tr\/?mphb_room_type=badem-ev\">Badem Ev<\/a>\r\n\r\n<\/h2>            <\/div>\r\n\t\t            <div class=\"loop-room-book-wrapper\">\r\n\t\t\t\t\r\n\r\n\t<p class=\"mphb-regular-price\"><strong>\u00dccretten itibaren:<\/strong>\r\n\t<span class=\"mphb-price\">60,000<span class=\"mphb-currency\">&#8378;<\/span><\/span> <span class=\"mphb-price-period\" title=\"\u0130lgili fiyatlar\u0131 g\u00f6rmek i\u00e7in tarih se\u00e7iniz\">5 gece<\/span>\r\n\t<\/p>\r\n\r\n<div class=\"mphb-to-book-btn-wrapper\">\r\n<form action=\"https:\/\/ambarevleri.com.tr\/?mphb_room_type=badem-ev#booking-form-1461\" method=\"get\" ><input type=\"hidden\" name=\"mphb_room_type\" value=\"badem-ev\" \/><button type=\"submit\" class=\"button mphb-book-button\" >Rezerve Edin<\/button><\/form>\r\n<br\/><\/div>            <\/div>\r\n\t\t\r\n    <\/div>\r\n\t\r\n<\/div>\r\n\r\n\r\n<div class=\"mphb-room-type post-1565 mphb_room_type type-mphb_room_type status-publish has-post-thumbnail mphb_room_type_facility-wi-fi mphb-room-type-adults-4 mphb-room-type-children-2\">\r\n\r\n\t\r\n    <div class=\"loop-room-wrapper\">\r\n\t\t            <div class=\"loop-room-images-wrapper\">\r\n\t\t\t\t\r\n\r\n\t<p class=\"post-thumbnail mphb-loop-room-thumbnail\">\r\n\t<a href=\"https:\/\/ambarevleri.com.tr\/?mphb_room_type=fistik-ev\">\r\n\t<img loading=\"lazy\" decoding=\"async\" width=\"892\" height=\"892\" src=\"https:\/\/ambarevleri.com.tr\/wp-content\/uploads\/2021\/08\/fistik-ev-892x892.jpg\" class=\"attachment-booklium-square size-booklium-square wp-post-image\" alt=\"\" srcset=\"https:\/\/ambarevleri.com.tr\/wp-content\/uploads\/2021\/08\/fistik-ev-892x892.jpg 892w, https:\/\/ambarevleri.com.tr\/wp-content\/uploads\/2021\/08\/fistik-ev-300x300.jpg 300w, https:\/\/ambarevleri.com.tr\/wp-content\/uploads\/2021\/08\/fistik-ev-150x150.jpg 150w, https:\/\/ambarevleri.com.tr\/wp-content\/uploads\/2021\/08\/fistik-ev-768x768.jpg 768w, https:\/\/ambarevleri.com.tr\/wp-content\/uploads\/2021\/08\/fistik-ev-600x600.jpg 600w, https:\/\/ambarevleri.com.tr\/wp-content\/uploads\/2021\/08\/fistik-ev-100x100.jpg 100w, https:\/\/ambarevleri.com.tr\/wp-content\/uploads\/2021\/08\/fistik-ev.jpg 915w\" sizes=\"auto, (max-width: 892px) 100vw, 892px\" \/>\t<\/a>\r\n\r\n\t<\/p>\r\n            <\/div>\r\n\t\t\t            <div class=\"loop-room-info-wrapper\">\r\n\t\t\t\t\r\n<h2 class=\"mphb-room-type-title entry-title\">\r\n\r\n<a class=\"mphb-room-type-title\" href=\"https:\/\/ambarevleri.com.tr\/?mphb_room_type=fistik-ev\">F\u0131st\u0131k Ev<\/a>\r\n\r\n<\/h2>            <\/div>\r\n\t\t            <div class=\"loop-room-book-wrapper\">\r\n\t\t\t\t\r\n\r\n\t<p class=\"mphb-regular-price\"><strong>\u00dccretten itibaren:<\/strong>\r\n\t<span class=\"mphb-price\">60,000<span class=\"mphb-currency\">&#8378;<\/span><\/span> <span class=\"mphb-price-period\" title=\"\u0130lgili fiyatlar\u0131 g\u00f6rmek i\u00e7in tarih se\u00e7iniz\">5 gece<\/span>\r\n\t<\/p>\r\n\r\n<div class=\"mphb-to-book-btn-wrapper\">\r\n<form action=\"https:\/\/ambarevleri.com.tr\/?mphb_room_type=fistik-ev#booking-form-1565\" method=\"get\" ><input type=\"hidden\" name=\"mphb_room_type\" value=\"fistik-ev\" \/><button type=\"submit\" class=\"button mphb-book-button\" >Rezerve Edin<\/button><\/form>\r\n<br\/><\/div>            <\/div>\r\n\t\t\r\n    <\/div>\r\n\t\r\n<\/div>\r\n\r\n    <\/div>\r\n\t<\/div><\/div>\n<\/div>\n","protected":false},"excerpt":{"rendered":"","protected":false},"author":1,"featured_media":0,"parent":0,"menu_order":0,"comment_status":"closed","ping_status":"closed","template":"template-wide-page.php","meta":{"om_disable_all_campaigns":false,"inline_featured_image":false,"_monsterinsights_skip_tracking":false,"_monsterinsights_sitenote_active":false,"_monsterinsights_sitenote_note":"","_monsterinsights_sitenote_category":0,"spay_email":"","footnotes":""},"class_list":["post-554","page","type-page","status-publish","hentry"],"aioseo_notices":[],"_links":{"self":[{"href":"https:\/\/ambarevleri.com.tr\/index.php?rest_route=\/wp\/v2\/pages\/554","targetHints":{"allow":["GET"]}}],"collection":[{"href":"https:\/\/ambarevleri.com.tr\/index.php?rest_route=\/wp\/v2\/pages"}],"about":[{"href":"https:\/\/ambarevleri.com.tr\/index.php?rest_route=\/wp\/v2\/types\/page"}],"author":[{"embeddable":true,"href":"https:\/\/ambarevleri.com.tr\/index.php?rest_route=\/wp\/v2\/users\/1"}],"replies":[{"embeddable":true,"href":"https:\/\/ambarevleri.com.tr\/index.php?rest_route=%2Fwp%2Fv2%2Fcomments&post=554"}],"version-history":[{"count":8,"href":"https:\/\/ambarevleri.com.tr\/index.php?rest_route=\/wp\/v2\/pages\/554\/revisions"}],"predecessor-version":[{"id":8196,"href":"https:\/\/ambarevleri.com.tr\/index.php?rest_route=\/wp\/v2\/pages\/554\/revisions\/8196"}],"wp:attachment":[{"href":"https:\/\/ambarevleri.com.tr\/index.php?rest_route=%2Fwp%2Fv2%2Fmedia&parent=554"}],"curies":[{"name":"wp","href":"https:\/\/api.w.org\/{rel}","templated":true}]}}